{"id":33,"date":"2025-07-28T13:00:58","date_gmt":"2025-07-28T11:00:58","guid":{"rendered":"https:\/\/artbysash.de\/web\/?page_id=33"},"modified":"2025-08-26T11:38:57","modified_gmt":"2025-08-26T09:38:57","slug":"art-by-sash","status":"publish","type":"page","link":"https:\/\/artbysash.de\/web\/","title":{"rendered":"art by sash"},"content":{"rendered":"<p>[et_pb_section fb_built=&#8220;1&#8243; admin_label=&#8220;Header&#8220; _builder_version=&#8220;4.27.4&#8243; _module_preset=&#8220;default&#8220; background_color=&#8220;#FFFFFF&#8220; background_enable_pattern_style=&#8220;on&#8220; background_pattern_style=&#8220;tufted&#8220; background_pattern_color=&#8220;rgba(224,43,32,0.14)&#8220; background_pattern_size=&#8220;cover&#8220; background_pattern_repeat_origin=&#8220;center&#8220; overflow-x=&#8220;hidden&#8220; overflow-y=&#8220;hidden&#8220; custom_margin=&#8220;30px|30px|30px|30px|true|true&#8220; custom_padding=&#8220;||0px|||&#8220; border_radii=&#8220;on|10px|10px|10px|10px&#8220; collapsed=&#8220;on&#8220; global_colors_info=&#8220;{}&#8220;][et_pb_row column_structure=&#8220;1_2,1_2&#8243; make_equal=&#8220;on&#8220; _builder_version=&#8220;4.22.0&#8243; _module_preset=&#8220;default&#8220; background_enable_color=&#8220;off&#8220; custom_padding=&#8220;||0px|||&#8220; global_colors_info=&#8220;{%22gcid-fc7b31e8-94d8-4560-b647-c33fa43cc805%22:%91%22background_color%22%93}&#8220;][et_pb_column type=&#8220;1_2&#8243; _builder_version=&#8220;4.22.0&#8243; _module_preset=&#8220;default&#8220; z_index=&#8220;10&#8243; custom_padding=&#8220;6vw||6vw||true|false&#8220; custom_padding_tablet=&#8220;|30px|||true|false&#8220; custom_padding_phone=&#8220;|20px|||true|false&#8220; custom_padding_last_edited=&#8220;on|tablet&#8220; global_colors_info=&#8220;{}&#8220;][et_pb_text _builder_version=&#8220;4.27.4&#8243; _module_preset=&#8220;_initial&#8220; header_4_font=&#8220;Inter|700||on|||||&#8220; header_4_text_color=&#8220;#592e00&#8243; header_4_font_size=&#8220;14px&#8220; header_4_letter_spacing=&#8220;1px&#8220; header_4_line_height=&#8220;1.4em&#8220; custom_margin=&#8220;||0px||false|false&#8220; global_colors_info=&#8220;{}&#8220;]<\/p>\n<h4>Art by Sash<\/h4>\n<p>[\/et_pb_text][et_pb_text _builder_version=&#8220;4.27.4&#8243; _module_preset=&#8220;_initial&#8220; header_font=&#8220;Inter|700|||||||&#8220; header_text_color=&#8220;#592e00&#8243; header_font_size=&#8220;50px&#8220; header_line_height=&#8220;1.2em&#8220; custom_margin=&#8220;||10px||false|false&#8220; header_font_size_tablet=&#8220;40px&#8220; header_font_size_phone=&#8220;24px&#8220; header_font_size_last_edited=&#8220;on|desktop&#8220; global_colors_info=&#8220;{}&#8220;]<\/p>\n<h1>Raum f\u00fcr Gedanken. Farbe f\u00fcr die Seele.<\/h1>\n<p>[\/et_pb_text][et_pb_image src=&#8220;https:\/\/artbysash.de\/web\/wp-content\/uploads\/2025\/07\/Startbild_Oben.png&#8220; title_text=&#8220;Startbild_Oben&#8220; _builder_version=&#8220;4.27.4&#8243; _module_preset=&#8220;default&#8220; max_width=&#8220;54%&#8220; module_alignment=&#8220;center&#8220; box_shadow_style=&#8220;preset2&#8243; global_colors_info=&#8220;{}&#8220; transform_styles__hover_enabled=&#8220;on|hover&#8220; transform_scale__hover_enabled=&#8220;on|hover&#8220; transform_translate__hover_enabled=&#8220;on|desktop&#8220; transform_rotate__hover_enabled=&#8220;on|desktop&#8220; transform_skew__hover_enabled=&#8220;on|desktop&#8220; transform_origin__hover_enabled=&#8220;on|desktop&#8220; transform_scale__hover=&#8220;108%|108%&#8220;][\/et_pb_image][\/et_pb_column][et_pb_column type=&#8220;1_2&#8243; _builder_version=&#8220;4.22.0&#8243; _module_preset=&#8220;default&#8220; global_colors_info=&#8220;{}&#8220;][et_pb_image src=&#8220;https:\/\/artbysash.de\/web\/wp-content\/uploads\/2025\/08\/IMG_0503.png&#8220; title_text=&#8220;IMG_0503&#8243; show_bottom_space=&#8220;off&#8220; _builder_version=&#8220;4.27.4&#8243; _module_preset=&#8220;default&#8220; custom_margin=&#8220;|-10vw|||false|false&#8220; custom_margin_tablet=&#8220;|0vw|||false|false&#8220; custom_margin_phone=&#8220;|0vw|||false|false&#8220; custom_margin_last_edited=&#8220;on|tablet&#8220; hover_enabled=&#8220;0&#8243; box_shadow_style=&#8220;preset2&#8243; global_colors_info=&#8220;{}&#8220; transform_styles__hover_enabled=&#8220;on|hover&#8220; transform_scale__hover_enabled=&#8220;on|hover&#8220; transform_translate__hover_enabled=&#8220;on|desktop&#8220; transform_rotate__hover_enabled=&#8220;on|desktop&#8220; transform_skew__hover_enabled=&#8220;on|desktop&#8220; transform_origin__hover_enabled=&#8220;on|desktop&#8220; transform_scale__hover=&#8220;108%|108%&#8220; sticky_enabled=&#8220;0&#8243; max_width=&#8220;100%&#8220;][\/et_pb_image][et_pb_cta title=&#8220;Kontakt&#8220; button_text=&#8220;Mail schreiben&#8220; _builder_version=&#8220;4.27.4&#8243; _module_preset=&#8220;default&#8220; button_alignment=&#8220;center&#8220; custom_margin=&#8220;20px||||false|false&#8220; custom_padding=&#8220;20px||20px||false|false&#8220; animation_style=&#8220;slide&#8220; border_radii=&#8220;on|20px|20px|20px|20px&#8220; box_shadow_style=&#8220;preset2&#8243; global_colors_info=&#8220;{}&#8220;]<\/p>\n<p style=\"text-align: center;\">Du erreichst mich telefonisch unter 0159-07611628<\/p>\n<p style=\"text-align: center;\">Oder schreib mir eine Mail an <a href=\"mailto:savanna@artbysash.de\" target=\"_blank\" rel=\"noopener\">savanna@artbysash.de<\/a><\/p>\n<p>[\/et_pb_cta][dondivi_tabs _builder_version=&#8220;4.27.4&#8243; _module_preset=&#8220;default&#8220; global_colors_info=&#8220;{}&#8220;][\/dondivi_tabs][\/et_pb_column][\/et_pb_row][\/et_pb_section][et_pb_section fb_built=&#8220;1&#8243; admin_label=&#8220;Testimonials&#8220; _builder_version=&#8220;4.27.4&#8243; _module_preset=&#8220;default&#8220; background_color=&#8220;gcid-fc7b31e8-94d8-4560-b647-c33fa43cc805&#8243; background_image=&#8220;https:\/\/artbysash.de\/web\/wp-content\/uploads\/2025\/07\/processed-AFFFC55E-E222-4FE6-ABEA-0C73F1D6F771.jpeg&#8220; width_tablet=&#8220;80%&#8220; width_phone=&#8220;80%&#8220; width_last_edited=&#8220;off|tablet&#8220; custom_margin=&#8220;30px|30px|30px|30px|true|true&#8220; module_alignment_tablet=&#8220;center&#8220; module_alignment_phone=&#8220;center&#8220; module_alignment_last_edited=&#8220;on|desktop&#8220; border_radii=&#8220;on|10px|10px|10px|10px&#8220; saved_tabs=&#8220;all&#8220; collapsed=&#8220;on&#8220; global_colors_info=&#8220;{%22gcid-fc7b31e8-94d8-4560-b647-c33fa43cc805%22:%91%22background_color%22%93}&#8220;][et_pb_row _builder_version=&#8220;4.27.4&#8243; _module_preset=&#8220;default&#8220; background_color=&#8220;rgba(255,255,255,0.63)&#8220; custom_padding=&#8220;|10px||10px|false|false&#8220; global_colors_info=&#8220;{}&#8220;][et_pb_column type=&#8220;4_4&#8243; _builder_version=&#8220;4.22.0&#8243; _module_preset=&#8220;default&#8220; global_colors_info=&#8220;{}&#8220;][et_pb_text _builder_version=&#8220;4.27.4&#8243; _module_preset=&#8220;default&#8220; header_4_text_color=&#8220;#592e00&#8243; global_colors_info=&#8220;{}&#8220;]<\/p>\n<h3><strong>\u201eRaum f\u00fcr Gedanken. Farbe f\u00fcr die Seele.\u201c<\/strong><\/h3>\n<p>Willkommen bei Art by Sash \u2013 hier entstehen abstrakte Kompositionen, die Gef\u00fchle sichtbar machen. Jedes Werk ist ein Dialog aus Farbe, Struktur und Tiefe \u2013 frei von Regeln und voller Ausdruckskraft. Meine Acrylbilder laden dich ein, innezuhalten, neue Perspektiven zu entdecken und eigene Emotionen zu sp\u00fcren. Ob f\u00fcr dein Zuhause, dein B\u00fcro oder als individuelle Auftragsarbeit.<\/p>\n<p>&nbsp;<\/p>\n<h6 style=\"text-align: right;\">Art by Sash erschafft Kunstwerke, die wirken und bleiben.<\/h6>\n<p>[\/et_pb_text][\/et_pb_column][\/et_pb_row][\/et_pb_section][et_pb_section fb_built=&#8220;1&#8243; admin_label=&#8220;Testimonials&#8220; _builder_version=&#8220;4.27.4&#8243; _module_preset=&#8220;default&#8220; background_enable_color=&#8220;off&#8220; background_image=&#8220;https:\/\/artbysash.de\/web\/wp-content\/uploads\/2025\/07\/HGumich.png&#8220; parallax=&#8220;on&#8220; background_blend=&#8220;lighten&#8220; width_tablet=&#8220;80%&#8220; width_phone=&#8220;80%&#8220; width_last_edited=&#8220;off|tablet&#8220; custom_margin=&#8220;30px|30px|30px|30px|true|true&#8220; module_alignment_tablet=&#8220;center&#8220; module_alignment_phone=&#8220;center&#8220; module_alignment_last_edited=&#8220;on|desktop&#8220; border_radii=&#8220;on|10px|10px|10px|10px&#8220; saved_tabs=&#8220;all&#8220; collapsed=&#8220;on&#8220; global_colors_info=&#8220;{}&#8220;][et_pb_row _builder_version=&#8220;4.22.0&#8243; _module_preset=&#8220;default&#8220; global_colors_info=&#8220;{}&#8220;][et_pb_column type=&#8220;4_4&#8243; _builder_version=&#8220;4.22.0&#8243; _module_preset=&#8220;default&#8220; global_colors_info=&#8220;{}&#8220;][et_pb_heading title=&#8220;\u00dcber mich&#8220; _builder_version=&#8220;4.27.4&#8243; _module_preset=&#8220;default&#8220; global_colors_info=&#8220;{}&#8220;][\/et_pb_heading][\/et_pb_column][\/et_pb_row][et_pb_row column_structure=&#8220;2_5,3_5&#8243; _builder_version=&#8220;4.27.4&#8243; _module_preset=&#8220;default&#8220; background_color=&#8220;rgba(255,255,255,0.48)&#8220; global_colors_info=&#8220;{}&#8220;][et_pb_column type=&#8220;2_5&#8243; _builder_version=&#8220;4.27.4&#8243; _module_preset=&#8220;default&#8220; global_colors_info=&#8220;{}&#8220;][et_pb_image src=&#8220;https:\/\/artbysash.de\/web\/wp-content\/uploads\/2025\/07\/Savanna1.png&#8220; title_text=&#8220;Savanna1&#8243; _builder_version=&#8220;4.27.4&#8243; _module_preset=&#8220;default&#8220; custom_padding=&#8220;30px||||false|false&#8220; box_shadow_style=&#8220;preset2&#8243; global_colors_info=&#8220;{}&#8220; transform_styles__hover_enabled=&#8220;on|hover&#8220; transform_scale__hover_enabled=&#8220;on|hover&#8220; transform_translate__hover_enabled=&#8220;on|desktop&#8220; transform_rotate__hover_enabled=&#8220;on|desktop&#8220; transform_skew__hover_enabled=&#8220;on|desktop&#8220; transform_origin__hover_enabled=&#8220;on|desktop&#8220; transform_scale__hover=&#8220;108%|108%&#8220;][\/et_pb_image][\/et_pb_column][et_pb_column type=&#8220;3_5&#8243; _builder_version=&#8220;4.27.4&#8243; _module_preset=&#8220;default&#8220; global_colors_info=&#8220;{}&#8220;][et_pb_text _builder_version=&#8220;4.27.4&#8243; _module_preset=&#8220;default&#8220; custom_padding=&#8220;|10px||10px|false|false&#8220; global_colors_info=&#8220;{}&#8220;]<\/p>\n<h4>Hallo, ich bin Savanna, die K\u00fcnstlerin hinter Art by Sash.<\/h4>\n<p>Schon als Kind konnte ich nicht widerstehen, leere Fl\u00e4chen mit Farbe zu f\u00fcllen \u2013 sehr zum Leidwesen der W\u00e4nde in meinem Elternhaus. Was damals noch als \u201ekreativer \u00dcbermut\u201c galt, ist heute meine Leidenschaft und Berufung: abstrakte Kunst, die Raum l\u00e4sst f\u00fcr Emotion, Interpretation und Sch\u00f6nheit.<\/p>\n<p>Als gelernte Floristin bringe ich nicht nur ein feines Gesp\u00fcr f\u00fcr \u00c4sthetik und Farbharmonie mit, sondern auch handwerkliches Geschick und tiefes Materialverst\u00e4ndnis. Die Verbindung von Gef\u00fchl und Technik, Intuition und Struktur pr\u00e4gt meine Arbeit, auf Leinwand ebenso wie im Raum.<\/p>\n<p>Ich bin autodidaktische K\u00fcnstlerin mit Herz und Hand, mit eigener Ausstellungserfahrung, einer wachsenden Community auf Instagram und ersten erfolgreichen Verk\u00e4ufen. Mein Atelier in Gro\u00dfgoltern ist der Ort, an dem Ideen Form annehmen.<\/p>\n<p>Meine St\u00e4rken? Kreativit\u00e4t, ein sicheres Gesp\u00fcr f\u00fcr R\u00e4ume und Stimmungen, floristische Fachkenntnisse und vor allem: ein offenes Ohr f\u00fcr deine W\u00fcnsche!<\/p>\n<p>&nbsp;<\/p>\n<h6>Denn Kunst darf pers\u00f6nlich sein. Und genau das m\u00f6chte ich dir bieten.<\/h6>\n<p>[\/et_pb_text][\/et_pb_column][\/et_pb_row][\/et_pb_section][et_pb_section fb_built=&#8220;1&#8243; _builder_version=&#8220;4.27.4&#8243; _module_preset=&#8220;default&#8220; background_color=&#8220;#FFFFFF&#8220; global_colors_info=&#8220;{}&#8220;][et_pb_row _builder_version=&#8220;4.27.4&#8243; _module_preset=&#8220;default&#8220; global_colors_info=&#8220;{}&#8220;][et_pb_column type=&#8220;4_4&#8243; _builder_version=&#8220;4.27.4&#8243; _module_preset=&#8220;default&#8220; global_colors_info=&#8220;{}&#8220;][et_pb_gallery gallery_ids=&#8220;103,94,93,92,91,90,89,88,77,78,80,81,82,83,84,85,86,87,76,75,74,73,70,68&#8243; show_title_and_caption=&#8220;off&#8220; hover_overlay_color=&#8220;rgba(255,255,255,0.34)&#8220; hover_icon=&#8220;&#x2e;||divi||400&#8243; _builder_version=&#8220;4.27.4&#8243; _module_preset=&#8220;default&#8220; global_colors_info=&#8220;{}&#8220;][\/et_pb_gallery][\/et_pb_column][\/et_pb_row][et_pb_row _builder_version=&#8220;4.27.4&#8243; _module_preset=&#8220;default&#8220; column_structure=&#8220;1_4,1_4,1_4,1_4&#8243;][et_pb_column _builder_version=&#8220;4.27.4&#8243; _module_preset=&#8220;default&#8220; type=&#8220;1_4&#8243;][et_pb_video src=&#8220;https:\/\/youtu.be\/vlCLA-mefg4?si=J2lHLxS6z0RhNrwg&#8220; _builder_version=&#8220;4.27.4&#8243; _module_preset=&#8220;default&#8220; hover_enabled=&#8220;0&#8243; sticky_enabled=&#8220;0&#8243;][\/et_pb_video][\/et_pb_column][et_pb_column _builder_version=&#8220;4.27.4&#8243; _module_preset=&#8220;default&#8220; type=&#8220;1_4&#8243;][et_pb_video src=&#8220;https:\/\/youtube.com\/shorts\/gPsHT8inL04?si=f4ZR7WFFXYCFJiBX&#8220; _builder_version=&#8220;4.27.4&#8243; _module_preset=&#8220;default&#8220; hover_enabled=&#8220;0&#8243; sticky_enabled=&#8220;0&#8243;][\/et_pb_video][\/et_pb_column][et_pb_column _builder_version=&#8220;4.27.4&#8243; _module_preset=&#8220;default&#8220; type=&#8220;1_4&#8243;][et_pb_video src=&#8220;https:\/\/youtube.com\/shorts\/9Atc3ON5tWA?si=nCeYCYjqzjYLuOyy&#8220; _builder_version=&#8220;4.27.4&#8243; _module_preset=&#8220;default&#8220; hover_enabled=&#8220;0&#8243; sticky_enabled=&#8220;0&#8243;][\/et_pb_video][\/et_pb_column][et_pb_column _builder_version=&#8220;4.27.4&#8243; _module_preset=&#8220;default&#8220; type=&#8220;1_4&#8243;][et_pb_video src=&#8220;https:\/\/youtube.com\/shorts\/lUPiYJTL0No?si=GIwJcJP3h2tkzhtF&#8220; _builder_version=&#8220;4.27.4&#8243; _module_preset=&#8220;default&#8220; hover_enabled=&#8220;0&#8243; sticky_enabled=&#8220;0&#8243;][\/et_pb_video][\/et_pb_column][\/et_pb_row][\/et_pb_section][et_pb_section fb_built=&#8220;1&#8243; _builder_version=&#8220;4.27.4&#8243; _module_preset=&#8220;default&#8220; background_color=&#8220;#f1f1f1&#8243; global_colors_info=&#8220;{}&#8220;][et_pb_row column_structure=&#8220;1_2,1_2&#8243; _builder_version=&#8220;4.27.4&#8243; _module_preset=&#8220;default&#8220; global_colors_info=&#8220;{}&#8220;][et_pb_column type=&#8220;1_2&#8243; _builder_version=&#8220;4.27.4&#8243; _module_preset=&#8220;default&#8220; global_colors_info=&#8220;{}&#8220;][et_pb_image src=&#8220;https:\/\/artbysash.de\/web\/wp-content\/uploads\/2025\/07\/Logo-Original.png&#8220; title_text=&#8220;Logo Original&#8220; _builder_version=&#8220;4.27.4&#8243; _module_preset=&#8220;default&#8220; global_colors_info=&#8220;{}&#8220;][\/et_pb_image][\/et_pb_column][et_pb_column type=&#8220;1_2&#8243; _builder_version=&#8220;4.27.4&#8243; _module_preset=&#8220;default&#8220; global_colors_info=&#8220;{}&#8220;][et_pb_text _builder_version=&#8220;4.27.4&#8243; _module_preset=&#8220;default&#8220; text_font_size=&#8220;21px&#8220; text_line_height=&#8220;0.6em&#8220; global_colors_info=&#8220;{}&#8220;]<\/p>\n<h2 style=\"text-align: center;\"><\/h2>\n<h2 style=\"text-align: center;\"><\/h2>\n<h2 style=\"text-align: center;\"><\/h2>\n<h2 style=\"text-align: center;\"><\/h2>\n<h2 style=\"text-align: center;\"><\/h2>\n<h2 style=\"text-align: center;\">Art by Sash<\/h2>\n<p style=\"text-align: center;\">\n<p style=\"text-align: center;\">Savanna Cash<\/p>\n<p style=\"text-align: center;\">Ohweg 21<\/p>\n<p style=\"text-align: center;\">30890 Barsinghausen<\/p>\n<p style=\"text-align: center;\">OT Gro\u00dfgoltern<\/p>\n<p style=\"text-align: center;\">Tel. 0159-07611628<\/p>\n<p style=\"text-align: center;\"><a href=\"mailto:savanna@artbysash.de\" target=\"_blank\" rel=\"noopener\">savanna@artbysash.de<\/a><\/p>\n<p>[\/et_pb_text][\/et_pb_column][\/et_pb_row][\/et_pb_section]<\/p>\n","protected":false},"excerpt":{"rendered":"<p>Art by SashRaum f\u00fcr Gedanken. Farbe f\u00fcr die Seele.Du erreichst mich telefonisch unter 0159-07611628 Oder schreib mir eine Mail an savanna@artbysash.de<div class=\"et_pb_module dondivi_tabs dondivi_tabs_0\">\n\t\t\t\t\n\t\t\t\t\n\t\t\t\t\n\t\t\t\t\n\t\t\t\t\n\t\t\t\t\n\t\t\t\t<div class=\"et_pb_module_inner\">\n\t\t\t\t\t<div class=\"ddb-tabs-wrapper ddb-f\"><div data-effect-out=\"fade\" data-intensity-out=\"100\" data-effect-ms=\"1000\" class=\"ddb-tabs ddb-f\"><\/div><div class=\"ddb-tab-content ddb-f\"><\/div><\/div>\n\t\t\t\t<\/div>\n\t\t\t<\/div>\u201eRaum f\u00fcr Gedanken. Farbe f\u00fcr die Seele.\u201c Willkommen bei Art by Sash \u2013 hier entstehen abstrakte Kompositionen, die Gef\u00fchle sichtbar machen. Jedes Werk ist ein Dialog aus Farbe, Struktur und Tiefe \u2013 [&hellip;]<\/p>\n","protected":false},"author":1,"featured_media":0,"parent":0,"menu_order":0,"comment_status":"closed","ping_status":"closed","template":"","meta":{"_et_pb_use_builder":"on","_et_pb_old_content":"","_et_gb_content_width":"","footnotes":""},"difl_page_category":[],"class_list":["post-33","page","type-page","status-publish","hentry"],"_links":{"self":[{"href":"https:\/\/artbysash.de\/web\/wp-json\/wp\/v2\/pages\/33","targetHints":{"allow":["GET"]}}],"collection":[{"href":"https:\/\/artbysash.de\/web\/wp-json\/wp\/v2\/pages"}],"about":[{"href":"https:\/\/artbysash.de\/web\/wp-json\/wp\/v2\/types\/page"}],"author":[{"embeddable":true,"href":"https:\/\/artbysash.de\/web\/wp-json\/wp\/v2\/users\/1"}],"replies":[{"embeddable":true,"href":"https:\/\/artbysash.de\/web\/wp-json\/wp\/v2\/comments?post=33"}],"version-history":[{"count":20,"href":"https:\/\/artbysash.de\/web\/wp-json\/wp\/v2\/pages\/33\/revisions"}],"predecessor-version":[{"id":129,"href":"https:\/\/artbysash.de\/web\/wp-json\/wp\/v2\/pages\/33\/revisions\/129"}],"wp:attachment":[{"href":"https:\/\/artbysash.de\/web\/wp-json\/wp\/v2\/media?parent=33"}],"wp:term":[{"taxonomy":"difl_page_category","embeddable":true,"href":"https:\/\/artbysash.de\/web\/wp-json\/wp\/v2\/difl_page_category?post=33"}],"curies":[{"name":"wp","href":"https:\/\/api.w.org\/{rel}","templated":true}]}}